{"id":83,"date":"2013-11-21T20:53:54","date_gmt":"2013-11-21T19:53:54","guid":{"rendered":"http:\/\/zoran-akmadzic.from.hr\/?page_id=83"},"modified":"2014-03-22T10:12:31","modified_gmt":"2014-03-22T09:12:31","slug":"izgubljeni-u-vremenu","status":"publish","type":"page","link":"http:\/\/zoran-akmadzic.from.hr\/","title":{"rendered":"IZGUBLJENI U VREMENU"},"content":{"rendered":"<p><strong>AUTOR: ZORAN AKMAD\u017dI\u0106<\/strong><\/p>\n<p><a href=\"http:\/\/zoran-akmadzic.from.hr\/files\/2013\/11\/NASLOVNICA1-4-6-2013.jpg\"><img loading=\"lazy\" class=\"alignnone size-medium wp-image-64\" style=\"border: 2px solid black;margin: 2px\" alt=\"NASLOVNICA1-4-6-2013.jpg\" src=\"http:\/\/zoran-akmadzic.from.hr\/files\/2013\/11\/NASLOVNICA1-4-6-2013-300x174.jpg\" width=\"300\" height=\"174\" srcset=\"http:\/\/zoran-akmadzic.from.hr\/files\/2013\/11\/NASLOVNICA1-4-6-2013-300x174.jpg 300w, http:\/\/zoran-akmadzic.from.hr\/files\/2013\/11\/NASLOVNICA1-4-6-2013-1024x597.jpg 1024w, http:\/\/zoran-akmadzic.from.hr\/files\/2013\/11\/NASLOVNICA1-4-6-2013-500x291.jpg 500w, http:\/\/zoran-akmadzic.from.hr\/files\/2013\/11\/NASLOVNICA1-4-6-2013.jpg 1293w\" sizes=\"(max-width: 300px) 100vw, 300px\" \/><\/a><\/p>\n<table width=\"923\" border=\"0\" cellspacing=\"2\" align=\"center\">\n<tbody>\n<tr>\n<td valign=\"top\" nowrap=\"nowrap\" width=\"15%\">Vrsta gra\u0111e<\/td>\n<td align=\"left\">knjiga<\/td>\n<\/tr>\n<tr>\n<td valign=\"top\" nowrap=\"nowrap\" width=\"15%\">Autor<\/td>\n<td align=\"left\">Akmad\u017ei\u0107, Zoran<\/td>\n<\/tr>\n<tr>\n<td valign=\"top\" nowrap=\"nowrap\" width=\"15%\">Naslov<\/td>\n<td align=\"left\">Izgubljeni u vremenu :\u00a0rodoslovlja Ivandi\u0107, Opa\u010dkovi\u0107\/Opa\u010dak, Medak, Okmad\u017ei\u0107\/Okma\u017ei\u0107, Vujevi\u0107, Akmad\u017ei\u0107\/Akmad\u017ea \/\u00a0Zoran Akmad\u017ei\u0107.<\/td>\n<\/tr>\n<tr>\n<td valign=\"top\" nowrap=\"nowrap\" width=\"15%\">Impresum<\/td>\n<td align=\"left\">Zagreb :\u00a0vlast. nakl.,\u00a02013.\u00a0(Zagreb :\u00a0Todal media)<\/td>\n<\/tr>\n<tr>\n<td valign=\"top\" nowrap=\"nowrap\" width=\"15%\">Materijalni opis<\/td>\n<td align=\"left\">791 str. :\u00a0ilustr., zemljop. crte\u017ei, faks. ;\u00a027 cm.<\/td>\n<\/tr>\n<tr>\n<td valign=\"top\" nowrap=\"nowrap\" width=\"15%\">Napomena<\/td>\n<td align=\"left\">Bibliografija: str. 785-790; bibliografske bilje\u0161ke uz tekst.<\/td>\n<\/tr>\n<tr>\n<td valign=\"top\" nowrap=\"nowrap\" width=\"15%\">Sadr\u017eaj<\/td>\n<td align=\"left\">Str. 7-8: Predgovor \/ Stjepan \u0106osi\u0107.<\/td>\n<\/tr>\n<tr>\n<td valign=\"top\" nowrap=\"nowrap\" width=\"15%\"><\/td>\n<td align=\"left\">Autorova slika i bilje\u0161ka o njemu: str. 791.<\/td>\n<\/tr>\n<tr>\n<td valign=\"top\" nowrap=\"nowrap\" width=\"15%\">ISBN<\/td>\n<td align=\"left\">9789535772101<\/td>\n<\/tr>\n<tr>\n<td valign=\"top\" nowrap=\"nowrap\" width=\"15%\">Predmet<\/td>\n<td align=\"left\">Akmad\u017ei\u0107, obiteljska loza\u00a0&#8212;\u00a0Genealogija<\/td>\n<\/tr>\n<tr>\n<td valign=\"top\" nowrap=\"nowrap\" width=\"15%\"><\/td>\n<td align=\"left\">Opa\u010dkovi\u0107, obiteljska loza\u00a0&#8212;\u00a0Genealogija<\/td>\n<\/tr>\n<tr>\n<td valign=\"top\" nowrap=\"nowrap\" width=\"15%\">UDK<\/td>\n<td align=\"left\">929.52Akmad\u017ei\u0107<\/td>\n<\/tr>\n<tr>\n<td valign=\"top\" nowrap=\"nowrap\" width=\"15%\"><\/td>\n<td align=\"left\">929.52Opa\u010dkovi\u0107<\/td>\n<\/tr>\n<tr>\n<td valign=\"top\" nowrap=\"nowrap\" width=\"15%\">Ostali autori<\/td>\n<td align=\"left\">\u0106osi\u0107, Stjepan<\/td>\n<\/tr>\n<tr>\n<td valign=\"top\" nowrap=\"nowrap\" width=\"15%\">ID zapisa<\/td>\n<td align=\"left\">000847520<\/td>\n<\/tr>\n<tr>\n<td valign=\"top\" nowrap=\"nowrap\" width=\"15%\">Lokacija<\/td>\n<td align=\"left\"><a href=\"http:\/\/katalog.nsk.hr\/F\/LHVRDS2JVIRHLV9IB7SRJYBPEF5Q4RT26M3XXID9RTV2R5S24H-27861?func=item-global&amp;doc_library=NSK01&amp;doc_number=000847520&amp;year=&amp;volume=&amp;sub_library=ZS\">Zatvoreno spremi\u0161te:<br \/>\n|\u00a0II-98.499<\/a><\/td>\n<\/tr>\n<tr>\n<td valign=\"top\" nowrap=\"nowrap\" width=\"15%\">Lokacija<\/td>\n<td align=\"left\"><a href=\"http:\/\/katalog.nsk.hr\/F\/LHVRDS2JVIRHLV9IB7SRJYBPEF5Q4RT26M3XXID9RTV2R5S24H-27863?func=item-global&amp;doc_library=NSK01&amp;doc_number=000847520&amp;year=&amp;volume=&amp;sub_library=ZSARH\">Spremi\u0161te arhiv. primjeraka:<br \/>\n|\u00a0A II-98.499<\/a><\/td>\n<\/tr>\n<\/tbody>\n<\/table>\n","protected":false},"excerpt":{"rendered":"<p>AUTOR: ZORAN AKMAD\u017dI\u0106 Vrsta gra\u0111e knjiga Autor Akmad\u017ei\u0107, Zoran Naslov Izgubljeni u vremenu :\u00a0rodoslovlja Ivandi\u0107, Opa\u010dkovi\u0107\/Opa\u010dak, Medak, Okmad\u017ei\u0107\/Okma\u017ei\u0107, Vujevi\u0107, Akmad\u017ei\u0107\/Akmad\u017ea \/\u00a0Zoran Akmad\u017ei\u0107. Impresum Zagreb :\u00a0vlast. nakl.,\u00a02013.\u00a0(Zagreb :\u00a0Todal media) Materijalni opis 791 str. :\u00a0ilustr., zemljop. crte\u017ei, faks. ;\u00a027 cm. Napomena Bibliografija: &hellip; <a href=\"http:\/\/zoran-akmadzic.from.hr\/\">Nastavi \u010ditati <span class=\"meta-nav\">&rarr;<\/span><\/a><\/p>\n","protected":false},"author":270,"featured_media":0,"parent":0,"menu_order":0,"comment_status":"closed","ping_status":"closed","template":"","meta":{"ngg_post_thumbnail":0},"yoast_head":"<!-- This site is optimized with the Yoast SEO plugin v17.5 - https:\/\/yoast.com\/wordpress\/plugins\/seo\/ -->\n<meta name=\"robots\" content=\"index, follow, max-snippet:-1, max-image-preview:large, max-video-preview:-1\" \/>\n<link rel=\"canonical\" href=\"https:\/\/zoran-akmadzic.from.hr\/\" \/>\n<meta property=\"og:locale\" content=\"hr_HR\" \/>\n<meta property=\"og:type\" content=\"article\" \/>\n<meta property=\"og:title\" content=\"IZGUBLJENI U VREMENU - ZORAN AKMAD\u017dI\u0106\" \/>\n<meta property=\"og:description\" content=\"AUTOR: ZORAN AKMAD\u017dI\u0106 Vrsta gra\u0111e knjiga Autor Akmad\u017ei\u0107, Zoran Naslov Izgubljeni u vremenu :\u00a0rodoslovlja Ivandi\u0107, Opa\u010dkovi\u0107\/Opa\u010dak, Medak, Okmad\u017ei\u0107\/Okma\u017ei\u0107, Vujevi\u0107, Akmad\u017ei\u0107\/Akmad\u017ea \/\u00a0Zoran Akmad\u017ei\u0107. Impresum Zagreb :\u00a0vlast. nakl.,\u00a02013.\u00a0(Zagreb :\u00a0Todal media) Materijalni opis 791 str. :\u00a0ilustr., zemljop. crte\u017ei, faks. ;\u00a027 cm. Napomena Bibliografija: &hellip; Nastavi \u010ditati &rarr;\" \/>\n<meta property=\"og:url\" content=\"https:\/\/zoran-akmadzic.from.hr\/\" \/>\n<meta property=\"og:site_name\" content=\"ZORAN AKMAD\u017dI\u0106\" \/>\n<meta property=\"article:modified_time\" content=\"2014-03-22T09:12:31+00:00\" \/>\n<meta property=\"og:image\" content=\"http:\/\/zoran-akmadzic.from.hr\/files\/2013\/11\/NASLOVNICA1-4-6-2013-300x174.jpg\" \/>\n<meta name=\"twitter:card\" content=\"summary\" \/>\n<meta name=\"twitter:label1\" content=\"Procijenjeno vrijeme \u010ditanja\" \/>\n\t<meta name=\"twitter:data1\" content=\"1 minuta\" \/>\n<script type=\"application\/ld+json\" class=\"yoast-schema-graph\">{\"@context\":\"https:\/\/schema.org\",\"@graph\":[{\"@type\":\"WebSite\",\"@id\":\"https:\/\/zoran-akmadzic.from.hr\/#website\",\"url\":\"https:\/\/zoran-akmadzic.from.hr\/\",\"name\":\"ZORAN AKMAD\\u017dI\\u0106\",\"description\":\"zoran.akmadzic@gmail.com\",\"potentialAction\":[{\"@type\":\"SearchAction\",\"target\":{\"@type\":\"EntryPoint\",\"urlTemplate\":\"https:\/\/zoran-akmadzic.from.hr\/?s={search_term_string}\"},\"query-input\":\"required name=search_term_string\"}],\"inLanguage\":\"hr\"},{\"@type\":\"ImageObject\",\"@id\":\"https:\/\/zoran-akmadzic.from.hr\/#primaryimage\",\"inLanguage\":\"hr\",\"url\":\"http:\/\/zoran-akmadzic.from.hr\/files\/2013\/11\/NASLOVNICA1-4-6-2013-300x174.jpg\",\"contentUrl\":\"http:\/\/zoran-akmadzic.from.hr\/files\/2013\/11\/NASLOVNICA1-4-6-2013-300x174.jpg\"},{\"@type\":\"WebPage\",\"@id\":\"https:\/\/zoran-akmadzic.from.hr\/#webpage\",\"url\":\"https:\/\/zoran-akmadzic.from.hr\/\",\"name\":\"IZGUBLJENI U VREMENU - ZORAN AKMAD\\u017dI\\u0106\",\"isPartOf\":{\"@id\":\"https:\/\/zoran-akmadzic.from.hr\/#website\"},\"primaryImageOfPage\":{\"@id\":\"https:\/\/zoran-akmadzic.from.hr\/#primaryimage\"},\"datePublished\":\"2013-11-21T19:53:54+00:00\",\"dateModified\":\"2014-03-22T09:12:31+00:00\",\"breadcrumb\":{\"@id\":\"https:\/\/zoran-akmadzic.from.hr\/#breadcrumb\"},\"inLanguage\":\"hr\",\"potentialAction\":[{\"@type\":\"ReadAction\",\"target\":[\"https:\/\/zoran-akmadzic.from.hr\/\"]}]},{\"@type\":\"BreadcrumbList\",\"@id\":\"https:\/\/zoran-akmadzic.from.hr\/#breadcrumb\",\"itemListElement\":[{\"@type\":\"ListItem\",\"position\":1,\"name\":\"Home\",\"item\":\"https:\/\/zoran-akmadzic.from.hr\/\"},{\"@type\":\"ListItem\",\"position\":2,\"name\":\"IZGUBLJENI U VREMENU\"}]}]}<\/script>\n<!-- \/ Yoast SEO plugin. -->","yoast_head_json":{"robots":{"index":"index","follow":"follow","max-snippet":"max-snippet:-1","max-image-preview":"max-image-preview:large","max-video-preview":"max-video-preview:-1"},"canonical":"https:\/\/zoran-akmadzic.from.hr\/","og_locale":"hr_HR","og_type":"article","og_title":"IZGUBLJENI U VREMENU - ZORAN AKMAD\u017dI\u0106","og_description":"AUTOR: ZORAN AKMAD\u017dI\u0106 Vrsta gra\u0111e knjiga Autor Akmad\u017ei\u0107, Zoran Naslov Izgubljeni u vremenu :\u00a0rodoslovlja Ivandi\u0107, Opa\u010dkovi\u0107\/Opa\u010dak, Medak, Okmad\u017ei\u0107\/Okma\u017ei\u0107, Vujevi\u0107, Akmad\u017ei\u0107\/Akmad\u017ea \/\u00a0Zoran Akmad\u017ei\u0107. Impresum Zagreb :\u00a0vlast. nakl.,\u00a02013.\u00a0(Zagreb :\u00a0Todal media) Materijalni opis 791 str. :\u00a0ilustr., zemljop. crte\u017ei, faks. ;\u00a027 cm. Napomena Bibliografija: &hellip; Nastavi \u010ditati &rarr;","og_url":"https:\/\/zoran-akmadzic.from.hr\/","og_site_name":"ZORAN AKMAD\u017dI\u0106","article_modified_time":"2014-03-22T09:12:31+00:00","og_image":[{"url":"http:\/\/zoran-akmadzic.from.hr\/files\/2013\/11\/NASLOVNICA1-4-6-2013-300x174.jpg"}],"twitter_card":"summary","twitter_misc":{"Procijenjeno vrijeme \u010ditanja":"1 minuta"},"schema":{"@context":"https:\/\/schema.org","@graph":[{"@type":"WebSite","@id":"https:\/\/zoran-akmadzic.from.hr\/#website","url":"https:\/\/zoran-akmadzic.from.hr\/","name":"ZORAN AKMAD\u017dI\u0106","description":"zoran.akmadzic@gmail.com","potentialAction":[{"@type":"SearchAction","target":{"@type":"EntryPoint","urlTemplate":"https:\/\/zoran-akmadzic.from.hr\/?s={search_term_string}"},"query-input":"required name=search_term_string"}],"inLanguage":"hr"},{"@type":"ImageObject","@id":"https:\/\/zoran-akmadzic.from.hr\/#primaryimage","inLanguage":"hr","url":"http:\/\/zoran-akmadzic.from.hr\/files\/2013\/11\/NASLOVNICA1-4-6-2013-300x174.jpg","contentUrl":"http:\/\/zoran-akmadzic.from.hr\/files\/2013\/11\/NASLOVNICA1-4-6-2013-300x174.jpg"},{"@type":"WebPage","@id":"https:\/\/zoran-akmadzic.from.hr\/#webpage","url":"https:\/\/zoran-akmadzic.from.hr\/","name":"IZGUBLJENI U VREMENU - ZORAN AKMAD\u017dI\u0106","isPartOf":{"@id":"https:\/\/zoran-akmadzic.from.hr\/#website"},"primaryImageOfPage":{"@id":"https:\/\/zoran-akmadzic.from.hr\/#primaryimage"},"datePublished":"2013-11-21T19:53:54+00:00","dateModified":"2014-03-22T09:12:31+00:00","breadcrumb":{"@id":"https:\/\/zoran-akmadzic.from.hr\/#breadcrumb"},"inLanguage":"hr","potentialAction":[{"@type":"ReadAction","target":["https:\/\/zoran-akmadzic.from.hr\/"]}]},{"@type":"BreadcrumbList","@id":"https:\/\/zoran-akmadzic.from.hr\/#breadcrumb","itemListElement":[{"@type":"ListItem","position":1,"name":"Home","item":"https:\/\/zoran-akmadzic.from.hr\/"},{"@type":"ListItem","position":2,"name":"IZGUBLJENI U VREMENU"}]}]}},"_links":{"self":[{"href":"http:\/\/zoran-akmadzic.from.hr\/index.php?rest_route=\/wp\/v2\/pages\/83"}],"collection":[{"href":"http:\/\/zoran-akmadzic.from.hr\/index.php?rest_route=\/wp\/v2\/pages"}],"about":[{"href":"http:\/\/zoran-akmadzic.from.hr\/index.php?rest_route=\/wp\/v2\/types\/page"}],"author":[{"embeddable":true,"href":"http:\/\/zoran-akmadzic.from.hr\/index.php?rest_route=\/wp\/v2\/users\/270"}],"replies":[{"embeddable":true,"href":"http:\/\/zoran-akmadzic.from.hr\/index.php?rest_route=%2Fwp%2Fv2%2Fcomments&post=83"}],"version-history":[{"count":6,"href":"http:\/\/zoran-akmadzic.from.hr\/index.php?rest_route=\/wp\/v2\/pages\/83\/revisions"}],"predecessor-version":[{"id":90,"href":"http:\/\/zoran-akmadzic.from.hr\/index.php?rest_route=\/wp\/v2\/pages\/83\/revisions\/90"}],"wp:attachment":[{"href":"http:\/\/zoran-akmadzic.from.hr\/index.php?rest_route=%2Fwp%2Fv2%2Fmedia&parent=83"}],"curies":[{"name":"wp","href":"https:\/\/api.w.org\/{rel}","templated":true}]}}